{"id":220,"date":"2025-10-08T16:37:57","date_gmt":"2025-10-08T14:37:57","guid":{"rendered":"https:\/\/publixmediasarl.com\/?page_id=220"},"modified":"2025-12-21T18:35:10","modified_gmt":"2025-12-21T17:35:10","slug":"apropos","status":"publish","type":"page","link":"https:\/\/publixmediasarl.com\/index.php\/apropos\/","title":{"rendered":"Apropos"},"content":{"rendered":"\n<!--more apropos -->\n\n\n\n<div class=\"wp-block-buttons is-layout-flex wp-block-buttons-is-layout-flex\">\n<div class=\"wp-block-button is-style-fill\"><a class=\"wp-block-button__link has-vivid-red-background-color has-background wp-element-button\"><strong>APROPOS<\/strong><\/a><\/div>\n<\/div>\n\n\n\n<div class=\"wp-block-media-text is-stacked-on-mobile\"><figure class=\"wp-block-media-text__media\"><img loading=\"lazy\" decoding=\"async\" width=\"1024\" height=\"556\" src=\"https:\/\/publixmediasarl.com\/wp-content\/uploads\/2025\/10\/PHOTO-SITE-WEB_Plan-de-travail-1-1-1024x556.jpg\" alt=\"\" class=\"wp-image-237 size-full\" srcset=\"https:\/\/publixmediasarl.com\/wp-content\/uploads\/2025\/10\/PHOTO-SITE-WEB_Plan-de-travail-1-1-1024x556.jpg 1024w, https:\/\/publixmediasarl.com\/wp-content\/uploads\/2025\/10\/PHOTO-SITE-WEB_Plan-de-travail-1-1-300x163.jpg 300w, https:\/\/publixmediasarl.com\/wp-content\/uploads\/2025\/10\/PHOTO-SITE-WEB_Plan-de-travail-1-1-768x417.jpg 768w, https:\/\/publixmediasarl.com\/wp-content\/uploads\/2025\/10\/PHOTO-SITE-WEB_Plan-de-travail-1-1.jpg 1346w\" sizes=\"auto, (max-width: 1024px) 100vw, 1024px\" \/><\/figure><div class=\"wp-block-media-text__content\">\n<p><strong>Cree en 2022, Publix Media est une agence sp\u00e9cialis\u00e9e en communication media, en \u00e9v\u00e8nementiel et en marketing orient\u00e9e vers l\u2019innovation et la performance. Nous accompagnons les entreprises des leurs d\u00e9veloppements en leur proposant des solutions parfaitement align\u00e9es \u00e0 leurs besoins.<\/strong><\/p>\n<\/div><\/div>\n\n\n\n<h2 class=\"wp-block-heading has-text-align-left has-vivid-red-color has-text-color has-link-color wp-elements-f4b315a50654586b4667371bfaeeb46f\">Notre passion : am\u00e9liorer votre croissance digitale<\/h2>\n\n\n\n<div class=\"wp-block-media-text is-stacked-on-mobile\" style=\"grid-template-columns:44% auto\"><figure class=\"wp-block-media-text__media\"><img loading=\"lazy\" decoding=\"async\" width=\"450\" height=\"450\" src=\"https:\/\/publixmediasarl.com\/wp-content\/uploads\/2025\/10\/Free_Triple_Billboard_Mockup_2-450x450-3.webp\" alt=\"\" class=\"wp-image-242 size-full\" srcset=\"https:\/\/publixmediasarl.com\/wp-content\/uploads\/2025\/10\/Free_Triple_Billboard_Mockup_2-450x450-3.webp 450w, https:\/\/publixmediasarl.com\/wp-content\/uploads\/2025\/10\/Free_Triple_Billboard_Mockup_2-450x450-3-300x300.webp 300w, https:\/\/publixmediasarl.com\/wp-content\/uploads\/2025\/10\/Free_Triple_Billboard_Mockup_2-450x450-3-150x150.webp 150w\" sizes=\"auto, (max-width: 450px) 100vw, 450px\" \/><\/figure><div class=\"wp-block-media-text__content\">\n<p><strong>PUBLIX MEDIA<\/strong> c\u2019est une \u00e9quipe sp\u00e9cialis\u00e9e dans la <strong>Communication digitale<\/strong><strong>, Media et RP, Cr\u00e9ation et Print, D\u00e9veloppement Web et Mobile , Trade Marketing, Ev\u00e8nementiel ,<\/strong>\u00a0qui met tout en \u0153uvre pour faire de votre projet une r\u00e9ussite.<\/p>\n\n\n\n<p>En nous confiant votre projet, vous b\u00e9n\u00e9ficierez d\u2019un savoir-faire qui a permis \u00e0 de nombreux professionnels (PME, TPE, artisans) de valoriser et de faire conna\u00eetre leur entreprise sur Internet.<\/p>\n\n\n\n<p>Nous sommes conscients que vous avez le choix, c\u2019est pourquoi nous faisons tout pour anticiper d\u00e8s aujourd\u2019hui vos attentes de demain.<\/p>\n\n\n\n<p>Notre savoir-faire et notre exp\u00e9rience nous permettent de travailler en collaboration avec vos \u00e9quipes et vos prestataires, dans des domaines d\u2019expertise&nbsp;cibl\u00e9s selon vos besoins.<\/p>\n<\/div><\/div>\n\n\n\n<h1 class=\"wp-block-heading has-vivid-red-color has-text-color has-link-color wp-elements-27639bc68d4978e6dd10bfad14494de8\">Notre mission, votre croissance num\u00e9rique<\/h1>\n\n\n\n<p>Chez <strong>PUBLIX MEDIA<\/strong>, notre mission est d\u2019aider les entreprises et les marques \u00e0 am\u00e9liorer leurs revenus. Nous voulons que les PME au Cameroun, en Afrique et ailleurs puissent b\u00e9n\u00e9ficier de notre savoir faire.<\/p>\n\n\n\n<figure class=\"wp-block-gallery has-nested-images columns-default is-cropped wp-block-gallery-1 is-layout-flex wp-block-gallery-is-layout-flex\"><div class=\"wp-block-image\">\n<figure class=\"alignright size-large\"><img loading=\"lazy\" decoding=\"async\" width=\"550\" height=\"412\" data-id=\"246\" src=\"https:\/\/publixmediasarl.com\/wp-content\/uploads\/2025\/10\/Image8-1.png\" alt=\"\" class=\"wp-image-246\" srcset=\"https:\/\/publixmediasarl.com\/wp-content\/uploads\/2025\/10\/Image8-1.png 550w, https:\/\/publixmediasarl.com\/wp-content\/uploads\/2025\/10\/Image8-1-300x225.png 300w\" sizes=\"auto, (max-width: 550px) 100vw, 550px\" \/><\/figure>\n<\/div><\/figure>\n\n\n\n\n\n<p><\/p>\n\n\n\n<div class=\"wp-block-media-text is-stacked-on-mobile\"><figure class=\"wp-block-media-text__media\"><\/figure><div class=\"wp-block-media-text__content\">\n<p><\/p>\n<\/div><\/div>\n\n\n\n<pre class=\"wp-block-verse\"><\/pre>\n\n\n\n<figure class=\"wp-block-gallery has-nested-images columns-default is-cropped wp-block-gallery-2 is-layout-flex wp-block-gallery-is-layout-flex\">\n<figure class=\"wp-block-image size-full\"><img loading=\"lazy\" decoding=\"async\" width=\"595\" height=\"793\" data-id=\"248\" src=\"https:\/\/publixmediasarl.com\/wp-content\/uploads\/2025\/10\/Image13.jpg\" alt=\"\" class=\"wp-image-248\" srcset=\"https:\/\/publixmediasarl.com\/wp-content\/uploads\/2025\/10\/Image13.jpg 595w, https:\/\/publixmediasarl.com\/wp-content\/uploads\/2025\/10\/Image13-225x300.jpg 225w\" sizes=\"auto, (max-width: 595px) 100vw, 595px\" \/><\/figure>\n\n\n\n<figure class=\"wp-block-image size-full\"><img loading=\"lazy\" decoding=\"async\" width=\"450\" height=\"491\" data-id=\"377\" src=\"https:\/\/publixmediasarl.com\/wp-content\/uploads\/2025\/10\/IMG_0923.jpg\" alt=\"\" class=\"wp-image-377\" srcset=\"https:\/\/publixmediasarl.com\/wp-content\/uploads\/2025\/10\/IMG_0923.jpg 450w, https:\/\/publixmediasarl.com\/wp-content\/uploads\/2025\/10\/IMG_0923-275x300.jpg 275w\" sizes=\"auto, (max-width: 450px) 100vw, 450px\" \/><\/figure>\n\n\n\n<figure class=\"wp-block-image size-full\"><img loading=\"lazy\" decoding=\"async\" width=\"408\" height=\"408\" data-id=\"249\" src=\"https:\/\/publixmediasarl.com\/wp-content\/uploads\/2025\/10\/Image11.jpg\" alt=\"\" class=\"wp-image-249\" srcset=\"https:\/\/publixmediasarl.com\/wp-content\/uploads\/2025\/10\/Image11.jpg 408w, https:\/\/publixmediasarl.com\/wp-content\/uploads\/2025\/10\/Image11-300x300.jpg 300w, https:\/\/publixmediasarl.com\/wp-content\/uploads\/2025\/10\/Image11-150x150.jpg 150w\" sizes=\"auto, (max-width: 408px) 100vw, 408px\" \/><\/figure>\n<\/figure>\n\n\n\n<p><\/p>\n\n\n\n<p><\/p>\n\n\n\n<figure class=\"wp-block-image size-full\"><img loading=\"lazy\" decoding=\"async\" width=\"578\" height=\"56\" src=\"https:\/\/publixmediasarl.com\/wp-content\/uploads\/2025\/10\/Capture1-2.png\" alt=\"\" class=\"wp-image-438\" srcset=\"https:\/\/publixmediasarl.com\/wp-content\/uploads\/2025\/10\/Capture1-2.png 578w, https:\/\/publixmediasarl.com\/wp-content\/uploads\/2025\/10\/Capture1-2-300x29.png 300w\" sizes=\"auto, (max-width: 578px) 100vw, 578px\" \/><\/figure>\n\n\n\n<h1 class=\"wp-block-heading has-vivid-red-color has-text-color has-link-color wp-elements-9f3f868251ac96173db64763fda7676c\">Nos valeurs<\/h1>\n\n\n\n<div class=\"wp-block-media-text has-media-on-the-right is-stacked-on-mobile\"><div class=\"wp-block-media-text__content\">\n<p><strong>CREATIVITE<\/strong><\/p>\n\n\n\n<p><strong>INTEGRITE<\/strong><\/p>\n\n\n\n<p><strong>INNOVATION<\/strong><\/p>\n\n\n\n<p><strong>SAVOIR-FAIRE<\/strong><\/p>\n\n\n\n<p><strong>PROFESSIONALISME<\/strong><\/p>\n<\/div><figure class=\"wp-block-media-text__media\"><img loading=\"lazy\" decoding=\"async\" width=\"1024\" height=\"708\" src=\"https:\/\/publixmediasarl.com\/wp-content\/uploads\/2025\/10\/9239826-style-d-icone-des-valeurs-de-l-entreprise-gratuit-vectoriel-1024x708.jpg\" alt=\"\" class=\"wp-image-354 size-full\" srcset=\"https:\/\/publixmediasarl.com\/wp-content\/uploads\/2025\/10\/9239826-style-d-icone-des-valeurs-de-l-entreprise-gratuit-vectoriel-1024x708.jpg 1024w, https:\/\/publixmediasarl.com\/wp-content\/uploads\/2025\/10\/9239826-style-d-icone-des-valeurs-de-l-entreprise-gratuit-vectoriel-300x207.jpg 300w, https:\/\/publixmediasarl.com\/wp-content\/uploads\/2025\/10\/9239826-style-d-icone-des-valeurs-de-l-entreprise-gratuit-vectoriel-768x531.jpg 768w, https:\/\/publixmediasarl.com\/wp-content\/uploads\/2025\/10\/9239826-style-d-icone-des-valeurs-de-l-entreprise-gratuit-vectoriel.jpg 1418w\" sizes=\"auto, (max-width: 1024px) 100vw, 1024px\" \/><\/figure><\/div>\n","protected":false},"excerpt":{"rendered":"","protected":false},"author":1,"featured_media":0,"parent":0,"menu_order":0,"comment_status":"closed","ping_status":"closed","template":"","meta":{"footnotes":""},"class_list":["post-220","page","type-page","status-publish","hentry"],"_links":{"self":[{"href":"https:\/\/publixmediasarl.com\/index.php\/wp-json\/wp\/v2\/pages\/220","targetHints":{"allow":["GET"]}}],"collection":[{"href":"https:\/\/publixmediasarl.com\/index.php\/wp-json\/wp\/v2\/pages"}],"about":[{"href":"https:\/\/publixmediasarl.com\/index.php\/wp-json\/wp\/v2\/types\/page"}],"author":[{"embeddable":true,"href":"https:\/\/publixmediasarl.com\/index.php\/wp-json\/wp\/v2\/users\/1"}],"replies":[{"embeddable":true,"href":"https:\/\/publixmediasarl.com\/index.php\/wp-json\/wp\/v2\/comments?post=220"}],"version-history":[{"count":46,"href":"https:\/\/publixmediasarl.com\/index.php\/wp-json\/wp\/v2\/pages\/220\/revisions"}],"predecessor-version":[{"id":554,"href":"https:\/\/publixmediasarl.com\/index.php\/wp-json\/wp\/v2\/pages\/220\/revisions\/554"}],"wp:attachment":[{"href":"https:\/\/publixmediasarl.com\/index.php\/wp-json\/wp\/v2\/media?parent=220"}],"curies":[{"name":"wp","href":"https:\/\/api.w.org\/{rel}","templated":true}]}}