{"id":223,"date":"2025-10-08T16:44:17","date_gmt":"2025-10-08T14:44:17","guid":{"rendered":"https:\/\/publixmediasarl.com\/?page_id=223"},"modified":"2025-12-21T19:02:10","modified_gmt":"2025-12-21T18:02:10","slug":"services","status":"publish","type":"page","link":"https:\/\/publixmediasarl.com\/index.php\/services\/","title":{"rendered":"Services"},"content":{"rendered":"\n<h2 class=\"wp-block-heading has-vivid-red-color has-text-color has-link-color wp-elements-3acd2c778b591319249f465b2fbd173e\">NOS DIFFERENTS SERVICES<\/h2>\n\n\n\n<p><strong>NOUS AVONS UN ENSEMBLE DE SOLUTIONS , QUE NOUS METTEONS A VOTRE  DISPOSITION<\/strong><\/p>\n\n\n\n<figure class=\"wp-block-image size-full\"><img loading=\"lazy\" decoding=\"async\" width=\"578\" height=\"56\" src=\"https:\/\/publixmediasarl.com\/wp-content\/uploads\/2025\/10\/Capture1.png\" alt=\"\" class=\"wp-image-368\" srcset=\"https:\/\/publixmediasarl.com\/wp-content\/uploads\/2025\/10\/Capture1.png 578w, https:\/\/publixmediasarl.com\/wp-content\/uploads\/2025\/10\/Capture1-300x29.png 300w\" sizes=\"auto, (max-width: 578px) 100vw, 578px\" \/><\/figure>\n\n\n\n<p><\/p>\n\n\n\n<div class=\"wp-block-media-text is-stacked-on-mobile\"><figure class=\"wp-block-media-text__media\"><img loading=\"lazy\" decoding=\"async\" width=\"1024\" height=\"768\" src=\"https:\/\/publixmediasarl.com\/wp-content\/uploads\/2025\/10\/WhatsApp-Image-2025-10-09-a-12.55.05_8b7e42d6-1024x768.jpg\" alt=\"\" class=\"wp-image-379 size-full\" srcset=\"https:\/\/publixmediasarl.com\/wp-content\/uploads\/2025\/10\/WhatsApp-Image-2025-10-09-a-12.55.05_8b7e42d6-1024x768.jpg 1024w, https:\/\/publixmediasarl.com\/wp-content\/uploads\/2025\/10\/WhatsApp-Image-2025-10-09-a-12.55.05_8b7e42d6-300x225.jpg 300w, https:\/\/publixmediasarl.com\/wp-content\/uploads\/2025\/10\/WhatsApp-Image-2025-10-09-a-12.55.05_8b7e42d6-768x576.jpg 768w, https:\/\/publixmediasarl.com\/wp-content\/uploads\/2025\/10\/WhatsApp-Image-2025-10-09-a-12.55.05_8b7e42d6.jpg 1080w\" sizes=\"auto, (max-width: 1024px) 100vw, 1024px\" \/><\/figure><div class=\"wp-block-media-text__content\">\n<p class=\"has-vivid-red-color has-text-color has-link-color wp-elements-f68d024bd2f5ff2cd9a7a0be38d0de81\"><br><strong>CREATION ET PRINT<\/strong><\/p>\n\n\n\n<p><strong>Nous ma\u00eetrisons l&rsquo;art de la Cr\u00e9ation visuelle sur tous les supports, garantissant une esth\u00e9tique puissante. Nous \u00e9tendons cette excellence du num\u00e9rique au Print haut de gamme, assurant ainsi une parfaite coh\u00e9rence et un impact m\u00e9morable pour votre identit\u00e9 de marque, du pixel au papier glac\u00e9.<\/strong><\/p>\n<\/div><\/div>\n\n\n\n<div class=\"wp-block-media-text has-media-on-the-right is-stacked-on-mobile\"><div class=\"wp-block-media-text__content\">\n<p class=\"has-vivid-red-color has-text-color has-link-color wp-elements-9c4d5c891a33c1700c7147f616f3ac73\"><br><strong>DEVELOPPMENT WEB ET MOBILE<\/strong><\/p>\n\n\n\n<p><strong>Nous transformons le potentiel de la technologie en croissance concr\u00e8te, cr\u00e9ant des exp\u00e9riences utilisateur innovantes et mesurables. Notre expertise couvre l&rsquo;int\u00e9gralit\u00e9 du digital, de la strat\u00e9gie \u00e0 l&rsquo;ex\u00e9cution technique, pour propulser votre marque au sommet du march\u00e9 en ligne avec un impact durable.<\/strong><\/p>\n<\/div><figure class=\"wp-block-media-text__media\"><img loading=\"lazy\" decoding=\"async\" width=\"768\" height=\"1024\" src=\"https:\/\/publixmediasarl.com\/wp-content\/uploads\/2025\/10\/WhatsApp-Image-2025-10-09-a-12.55.03_df989820-768x1024.jpg\" alt=\"\" class=\"wp-image-381 size-full\" srcset=\"https:\/\/publixmediasarl.com\/wp-content\/uploads\/2025\/10\/WhatsApp-Image-2025-10-09-a-12.55.03_df989820-768x1024.jpg 768w, https:\/\/publixmediasarl.com\/wp-content\/uploads\/2025\/10\/WhatsApp-Image-2025-10-09-a-12.55.03_df989820-225x300.jpg 225w, https:\/\/publixmediasarl.com\/wp-content\/uploads\/2025\/10\/WhatsApp-Image-2025-10-09-a-12.55.03_df989820.jpg 810w\" sizes=\"auto, (max-width: 768px) 100vw, 768px\" \/><\/figure><\/div>\n\n\n\n<div class=\"wp-block-media-text is-stacked-on-mobile is-vertically-aligned-top\"><figure class=\"wp-block-media-text__media\"><img loading=\"lazy\" decoding=\"async\" width=\"572\" height=\"763\" src=\"https:\/\/publixmediasarl.com\/wp-content\/uploads\/2025\/10\/Image1.jpg\" alt=\"\" class=\"wp-image-383 size-full\" srcset=\"https:\/\/publixmediasarl.com\/wp-content\/uploads\/2025\/10\/Image1.jpg 572w, https:\/\/publixmediasarl.com\/wp-content\/uploads\/2025\/10\/Image1-225x300.jpg 225w\" sizes=\"auto, (max-width: 572px) 100vw, 572px\" \/><\/figure><div class=\"wp-block-media-text__content\">\n<p class=\"has-vivid-red-color has-text-color has-link-color wp-elements-8c571322dcd9822e7074f9ccd9f7ed84\"><strong>MEDIA ET RP<\/strong><\/p>\n\n\n\n<p><strong>Notre double approche assure \u00e0 la fois la visibilit\u00e9 imm\u00e9diate et la l\u00e9gitimit\u00e9 \u00e0 long terme de votre message. Nous orchestrons des campagnes \u00e0 fort impact en optimisant le M\u00e9dia pour la port\u00e9e et la performance, tout en b\u00e2tissant la cr\u00e9dibilit\u00e9 et la confiance de la marque gr\u00e2ce \u00e0 des strat\u00e9gies de Relations Publiques (RP) cibl\u00e9es.<\/strong><\/p>\n<\/div><\/div>\n\n\n\n<div class=\"wp-block-media-text has-media-on-the-right is-stacked-on-mobile\" style=\"grid-template-columns:auto 52%\"><div class=\"wp-block-media-text__content\">\n<p class=\"has-vivid-red-color has-text-color has-link-color wp-elements-4124ae09cf128b5fc14f74a68ff7e359\"><strong>COMMUNICATION DIGITALE<\/strong><\/p>\n\n\n\n<p><strong>Nous fa\u00e7onnons des strat\u00e9gies de Communication Digitale compl\u00e8tes pour engager activement vos audiences sur toutes les plateformes pertinentes. Nous optimisons chaque point de contact en ligne afin d&rsquo;amplifier votre message, de construire une communaut\u00e9 fid\u00e8le et d&rsquo;assurer une croissance mesurable et durable de votre marque.<\/strong><\/p>\n<\/div><figure class=\"wp-block-media-text__media\"><img loading=\"lazy\" decoding=\"async\" width=\"487\" height=\"364\" src=\"https:\/\/publixmediasarl.com\/wp-content\/uploads\/2025\/10\/Image9.jpg\" alt=\"\" class=\"wp-image-385 size-full\" srcset=\"https:\/\/publixmediasarl.com\/wp-content\/uploads\/2025\/10\/Image9.jpg 487w, https:\/\/publixmediasarl.com\/wp-content\/uploads\/2025\/10\/Image9-300x224.jpg 300w\" sizes=\"auto, (max-width: 487px) 100vw, 487px\" \/><\/figure><\/div>\n\n\n\n<div class=\"wp-block-media-text is-stacked-on-mobile\"><figure class=\"wp-block-media-text__media\"><img loading=\"lazy\" decoding=\"async\" width=\"561\" height=\"384\" src=\"https:\/\/publixmediasarl.com\/wp-content\/uploads\/2025\/10\/Image6-1.jpg\" alt=\"\" class=\"wp-image-294 size-full\" srcset=\"https:\/\/publixmediasarl.com\/wp-content\/uploads\/2025\/10\/Image6-1.jpg 561w, https:\/\/publixmediasarl.com\/wp-content\/uploads\/2025\/10\/Image6-1-300x205.jpg 300w\" sizes=\"auto, (max-width: 561px) 100vw, 561px\" \/><\/figure><div class=\"wp-block-media-text__content\">\n<p class=\"has-vivid-red-color has-text-color has-link-color wp-elements-a2d5ae9acdbacbed3c3906f0ef0af339\"><br><strong>EVENEMENTIEL<\/strong><\/p>\n\n\n\n<p><strong>Nous propulsons votre \u00e9v\u00e9nement en enrichissant l&rsquo;exp\u00e9rience physique avec des technologies immersives et engageantes. Nous maximisons la port\u00e9e et l&rsquo;impact de chaque \u00e9v\u00e9nement gr\u00e2ce \u00e0 une strat\u00e9gie digitale compl\u00e8te . Notre objectif est de transformer le moment en un contenu m\u00e9morable et d&rsquo;en multiplier la r\u00e9sonance bien au-del\u00e0 du lieu<\/strong>.<\/p>\n<\/div><\/div>\n\n\n\n<div class=\"wp-block-media-text has-media-on-the-right is-stacked-on-mobile\"><div class=\"wp-block-media-text__content\">\n<p class=\"has-vivid-red-color has-text-color has-link-color wp-elements-889b3517013cf387f936c34125dcef97\"><br><strong>TRADE MARKETING<\/strong> <\/p>\n\n\n\n<p> Nous synchronisons les int\u00e9r\u00eats de nos clients, pour optimiser la performance en sur le terrain (lieu de promotion de distribution et d&rsquo;\u00e9v\u00e8nement), en utilisant l&rsquo;analyse des donn\u00e9es de march\u00e9 pour perfectionner le merchandising et le parcours du client. Des promotions cibl\u00e9es et des mises en avant strat\u00e9giques stimulant alors l&rsquo;achat impulsif en rayon. Cette gestion rigoureuse nous permet d&rsquo;assurer la disponibilit\u00e9 constante des produits et de transformer l&rsquo;intention en vente. L&rsquo;objectif final est une croissance du chiffre d&rsquo;affaires bas\u00e9e sur une exp\u00e9rience client r\u00e9ussie..<\/p>\n<\/div><figure class=\"wp-block-media-text__media\"><img loading=\"lazy\" decoding=\"async\" width=\"768\" height=\"1024\" src=\"https:\/\/publixmediasarl.com\/wp-content\/uploads\/2025\/12\/WhatsApp-Image-2025-08-24-a-17.17.53_b010b75a-768x1024.jpg\" alt=\"\" class=\"wp-image-561 size-full\" srcset=\"https:\/\/publixmediasarl.com\/wp-content\/uploads\/2025\/12\/WhatsApp-Image-2025-08-24-a-17.17.53_b010b75a-768x1024.jpg 768w, https:\/\/publixmediasarl.com\/wp-content\/uploads\/2025\/12\/WhatsApp-Image-2025-08-24-a-17.17.53_b010b75a-225x300.jpg 225w, https:\/\/publixmediasarl.com\/wp-content\/uploads\/2025\/12\/WhatsApp-Image-2025-08-24-a-17.17.53_b010b75a-1152x1536.jpg 1152w, https:\/\/publixmediasarl.com\/wp-content\/uploads\/2025\/12\/WhatsApp-Image-2025-08-24-a-17.17.53_b010b75a-1536x2048.jpg 1536w, https:\/\/publixmediasarl.com\/wp-content\/uploads\/2025\/12\/WhatsApp-Image-2025-08-24-a-17.17.53_b010b75a.jpg 1920w\" sizes=\"auto, (max-width: 768px) 100vw, 768px\" \/><\/figure><\/div>\n\n\n\n<p><\/p>\n","protected":false},"excerpt":{"rendered":"<p>NOS DIFFERENTS SERVICES NOUS AVONS UN ENSEMBLE DE SOLUTIONS , QUE NOUS METTEONS A VOTRE DISPOSITION CREATION ET PRINT Nous ma\u00eetrisons l&rsquo;art de la Cr\u00e9ation visuelle sur tous les supports,&hellip;<\/p>\n","protected":false},"author":1,"featured_media":0,"parent":0,"menu_order":0,"comment_status":"closed","ping_status":"closed","template":"","meta":{"footnotes":""},"class_list":["post-223","page","type-page","status-publish","hentry"],"_links":{"self":[{"href":"https:\/\/publixmediasarl.com\/index.php\/wp-json\/wp\/v2\/pages\/223","targetHints":{"allow":["GET"]}}],"collection":[{"href":"https:\/\/publixmediasarl.com\/index.php\/wp-json\/wp\/v2\/pages"}],"about":[{"href":"https:\/\/publixmediasarl.com\/index.php\/wp-json\/wp\/v2\/types\/page"}],"author":[{"embeddable":true,"href":"https:\/\/publixmediasarl.com\/index.php\/wp-json\/wp\/v2\/users\/1"}],"replies":[{"embeddable":true,"href":"https:\/\/publixmediasarl.com\/index.php\/wp-json\/wp\/v2\/comments?post=223"}],"version-history":[{"count":32,"href":"https:\/\/publixmediasarl.com\/index.php\/wp-json\/wp\/v2\/pages\/223\/revisions"}],"predecessor-version":[{"id":562,"href":"https:\/\/publixmediasarl.com\/index.php\/wp-json\/wp\/v2\/pages\/223\/revisions\/562"}],"wp:attachment":[{"href":"https:\/\/publixmediasarl.com\/index.php\/wp-json\/wp\/v2\/media?parent=223"}],"curies":[{"name":"wp","href":"https:\/\/api.w.org\/{rel}","templated":true}]}}