{"id":226,"date":"2025-10-08T16:46:03","date_gmt":"2025-10-08T14:46:03","guid":{"rendered":"https:\/\/publixmediasarl.com\/?page_id=226"},"modified":"2025-10-09T13:58:48","modified_gmt":"2025-10-09T11:58:48","slug":"portfolio","status":"publish","type":"page","link":"https:\/\/publixmediasarl.com\/index.php\/portfolio\/","title":{"rendered":"Portfolio"},"content":{"rendered":"\n<h2 class=\"wp-block-heading has-vivid-red-color has-text-color has-link-color wp-elements-83fb976d79b5d7feda69e0f6f27ea17f\"><strong>PORTFOLIO<\/strong><\/h2>\n\n\n\n<figure class=\"wp-block-image size-full\"><img loading=\"lazy\" decoding=\"async\" width=\"578\" height=\"56\" src=\"https:\/\/publixmediasarl.com\/wp-content\/uploads\/2025\/10\/Capture1-1.png\" alt=\"\" class=\"wp-image-416\" srcset=\"https:\/\/publixmediasarl.com\/wp-content\/uploads\/2025\/10\/Capture1-1.png 578w, https:\/\/publixmediasarl.com\/wp-content\/uploads\/2025\/10\/Capture1-1-300x29.png 300w\" sizes=\"auto, (max-width: 578px) 100vw, 578px\" \/><\/figure>\n\n\n\n<p>Chez\u00a0<strong>PUBLIX MEDIA<\/strong>, notre mission est d\u2019aider les entreprises et les marques \u00e0 am\u00e9liorer leurs revenus gr\u00e2ce au Web. Nous voulons que les PME au Cameroun, en Afrique et d\u2019ailleurs puissent b\u00e9n\u00e9ficier de nos connaissances pour avoir une strat\u00e9gie de marketing Web performante.<\/p>\n\n\n\n<div class=\"wp-block-group is-layout-grid wp-container-core-group-is-layout-9649a0d9 wp-block-group-is-layout-grid\">\n<figure class=\"wp-block-image size-full\"><img loading=\"lazy\" decoding=\"async\" width=\"720\" height=\"960\" src=\"https:\/\/publixmediasarl.com\/wp-content\/uploads\/2025\/10\/IMG_0922.jpg\" alt=\"\" class=\"wp-image-390\" srcset=\"https:\/\/publixmediasarl.com\/wp-content\/uploads\/2025\/10\/IMG_0922.jpg 720w, https:\/\/publixmediasarl.com\/wp-content\/uploads\/2025\/10\/IMG_0922-225x300.jpg 225w\" sizes=\"auto, (max-width: 720px) 100vw, 720px\" \/><\/figure>\n\n\n\n<figure class=\"wp-block-image size-full\"><img loading=\"lazy\" decoding=\"async\" width=\"304\" height=\"405\" src=\"https:\/\/publixmediasarl.com\/wp-content\/uploads\/2025\/10\/Image12.jpg\" alt=\"\" class=\"wp-image-392\" srcset=\"https:\/\/publixmediasarl.com\/wp-content\/uploads\/2025\/10\/Image12.jpg 304w, https:\/\/publixmediasarl.com\/wp-content\/uploads\/2025\/10\/Image12-225x300.jpg 225w\" sizes=\"auto, (max-width: 304px) 100vw, 304px\" \/><\/figure>\n\n\n\n<figure class=\"wp-block-image size-full\"><img loading=\"lazy\" decoding=\"async\" width=\"810\" height=\"1080\" src=\"https:\/\/publixmediasarl.com\/wp-content\/uploads\/2025\/10\/WhatsApp-Image-2025-10-09-a-12.55.02_c25dd120.jpg\" alt=\"\" class=\"wp-image-394\" srcset=\"https:\/\/publixmediasarl.com\/wp-content\/uploads\/2025\/10\/WhatsApp-Image-2025-10-09-a-12.55.02_c25dd120.jpg 810w, https:\/\/publixmediasarl.com\/wp-content\/uploads\/2025\/10\/WhatsApp-Image-2025-10-09-a-12.55.02_c25dd120-225x300.jpg 225w, https:\/\/publixmediasarl.com\/wp-content\/uploads\/2025\/10\/WhatsApp-Image-2025-10-09-a-12.55.02_c25dd120-768x1024.jpg 768w\" sizes=\"auto, (max-width: 810px) 100vw, 810px\" \/><\/figure>\n\n\n\n<figure class=\"wp-block-image size-full\"><img loading=\"lazy\" decoding=\"async\" width=\"408\" height=\"408\" src=\"https:\/\/publixmediasarl.com\/wp-content\/uploads\/2025\/10\/Image11-2.jpg\" alt=\"\" class=\"wp-image-301\" srcset=\"https:\/\/publixmediasarl.com\/wp-content\/uploads\/2025\/10\/Image11-2.jpg 408w, https:\/\/publixmediasarl.com\/wp-content\/uploads\/2025\/10\/Image11-2-300x300.jpg 300w, https:\/\/publixmediasarl.com\/wp-content\/uploads\/2025\/10\/Image11-2-150x150.jpg 150w\" sizes=\"auto, (max-width: 408px) 100vw, 408px\" \/><\/figure>\n<\/div>\n\n\n\n<div class=\"wp-block-media-text has-media-on-the-right is-stacked-on-mobile\"><div class=\"wp-block-media-text__content\">\n<p><strong>Nous sommes fiers de vous pr\u00e9senter nos r\u00e9alisations, t\u00e9moins de notre expertise et de notre d\u00e9vouement<\/strong><\/p>\n<\/div><figure class=\"wp-block-media-text__media\"><img loading=\"lazy\" decoding=\"async\" width=\"546\" height=\"280\" src=\"https:\/\/publixmediasarl.com\/wp-content\/uploads\/2025\/10\/Image10.jpg\" alt=\"\" class=\"wp-image-399 size-full\" srcset=\"https:\/\/publixmediasarl.com\/wp-content\/uploads\/2025\/10\/Image10.jpg 546w, https:\/\/publixmediasarl.com\/wp-content\/uploads\/2025\/10\/Image10-300x154.jpg 300w\" sizes=\"auto, (max-width: 546px) 100vw, 546px\" \/><\/figure><\/div>\n\n\n\n<div class=\"wp-block-group is-layout-grid wp-container-core-group-is-layout-9649a0d9 wp-block-group-is-layout-grid\">\n<figure class=\"wp-block-image size-full\"><img loading=\"lazy\" decoding=\"async\" width=\"310\" height=\"412\" src=\"https:\/\/publixmediasarl.com\/wp-content\/uploads\/2025\/10\/Image2.jpg\" alt=\"\" class=\"wp-image-401\" srcset=\"https:\/\/publixmediasarl.com\/wp-content\/uploads\/2025\/10\/Image2.jpg 310w, https:\/\/publixmediasarl.com\/wp-content\/uploads\/2025\/10\/Image2-226x300.jpg 226w\" sizes=\"auto, (max-width: 310px) 100vw, 310px\" \/><\/figure>\n\n\n\n<figure class=\"wp-block-image size-full\"><img loading=\"lazy\" decoding=\"async\" width=\"810\" height=\"1080\" src=\"https:\/\/publixmediasarl.com\/wp-content\/uploads\/2025\/10\/WhatsApp-Image-2025-10-09-a-12.55.05_fdac3256.jpg\" alt=\"\" class=\"wp-image-405\" srcset=\"https:\/\/publixmediasarl.com\/wp-content\/uploads\/2025\/10\/WhatsApp-Image-2025-10-09-a-12.55.05_fdac3256.jpg 810w, https:\/\/publixmediasarl.com\/wp-content\/uploads\/2025\/10\/WhatsApp-Image-2025-10-09-a-12.55.05_fdac3256-225x300.jpg 225w, https:\/\/publixmediasarl.com\/wp-content\/uploads\/2025\/10\/WhatsApp-Image-2025-10-09-a-12.55.05_fdac3256-768x1024.jpg 768w\" sizes=\"auto, (max-width: 810px) 100vw, 810px\" \/><\/figure>\n\n\n\n<figure class=\"wp-block-image size-large\"><img loading=\"lazy\" decoding=\"async\" width=\"768\" height=\"1024\" src=\"https:\/\/publixmediasarl.com\/wp-content\/uploads\/2025\/10\/WhatsApp-Image-2025-10-09-a-12.55.03_16c0c5fe-768x1024.jpg\" alt=\"\" class=\"wp-image-408\" srcset=\"https:\/\/publixmediasarl.com\/wp-content\/uploads\/2025\/10\/WhatsApp-Image-2025-10-09-a-12.55.03_16c0c5fe-768x1024.jpg 768w, https:\/\/publixmediasarl.com\/wp-content\/uploads\/2025\/10\/WhatsApp-Image-2025-10-09-a-12.55.03_16c0c5fe-225x300.jpg 225w, https:\/\/publixmediasarl.com\/wp-content\/uploads\/2025\/10\/WhatsApp-Image-2025-10-09-a-12.55.03_16c0c5fe.jpg 810w\" sizes=\"auto, (max-width: 768px) 100vw, 768px\" \/><\/figure>\n\n\n\n<figure class=\"wp-block-image size-full\"><img loading=\"lazy\" decoding=\"async\" width=\"572\" height=\"763\" src=\"https:\/\/publixmediasarl.com\/wp-content\/uploads\/2025\/10\/Image1-1.jpg\" alt=\"\" class=\"wp-image-413\" srcset=\"https:\/\/publixmediasarl.com\/wp-content\/uploads\/2025\/10\/Image1-1.jpg 572w, https:\/\/publixmediasarl.com\/wp-content\/uploads\/2025\/10\/Image1-1-225x300.jpg 225w\" sizes=\"auto, (max-width: 572px) 100vw, 572px\" \/><\/figure>\n<\/div>\n\n\n\n<div class=\"wp-block-media-text has-media-on-the-right is-stacked-on-mobile\"><div class=\"wp-block-media-text__content\">\n<p><strong>Notre passion : transformer vos objectifs en \u00e9v\u00e9nements exceptionnels, en assurant une organisation rigoureuse et une cr\u00e9ativit\u00e9 sans limites<\/strong><\/p>\n\n\n\n<p><strong>Nous cr\u00e9ons des \u00e9v\u00e9nements qui marquent les esprits et g\u00e9n\u00e8rent des \u00e9motions, en pla\u00e7ant l&rsquo;exp\u00e9rience de vos invit\u00e9s au c\u0153ur de notre d\u00e9marche<\/strong><\/p>\n\n\n\n<p><strong>Du concept \u00e0 la mise en sc\u00e8ne, nous orchestrons des \u00e9v\u00e9nements qui engagent et ravissent, pour des marques et des audiences toujours plus connect\u00e9es.<\/strong><\/p>\n<\/div><figure class=\"wp-block-media-text__media\"><img loading=\"lazy\" decoding=\"async\" width=\"768\" height=\"1024\" src=\"https:\/\/publixmediasarl.com\/wp-content\/uploads\/2025\/10\/WhatsApp-Image-2025-08-24-a-17.17.53_b010b75a-768x1024.jpg\" alt=\"\" class=\"wp-image-421 size-full\" srcset=\"https:\/\/publixmediasarl.com\/wp-content\/uploads\/2025\/10\/WhatsApp-Image-2025-08-24-a-17.17.53_b010b75a-768x1024.jpg 768w, https:\/\/publixmediasarl.com\/wp-content\/uploads\/2025\/10\/WhatsApp-Image-2025-08-24-a-17.17.53_b010b75a-225x300.jpg 225w, https:\/\/publixmediasarl.com\/wp-content\/uploads\/2025\/10\/WhatsApp-Image-2025-08-24-a-17.17.53_b010b75a-1152x1536.jpg 1152w, https:\/\/publixmediasarl.com\/wp-content\/uploads\/2025\/10\/WhatsApp-Image-2025-08-24-a-17.17.53_b010b75a-1536x2048.jpg 1536w, https:\/\/publixmediasarl.com\/wp-content\/uploads\/2025\/10\/WhatsApp-Image-2025-08-24-a-17.17.53_b010b75a.jpg 1920w\" sizes=\"auto, (max-width: 768px) 100vw, 768px\" \/><\/figure><\/div>\n\n\n\n<div class=\"wp-block-group is-layout-grid wp-container-core-group-is-layout-9649a0d9 wp-block-group-is-layout-grid\">\n<figure class=\"wp-block-image size-full\"><img loading=\"lazy\" decoding=\"async\" width=\"1920\" height=\"2560\" src=\"https:\/\/publixmediasarl.com\/wp-content\/uploads\/2025\/10\/WhatsApp-Image-2025-08-24-a-18.04.28_1fdefe12-1.jpg\" alt=\"\" class=\"wp-image-423\" srcset=\"https:\/\/publixmediasarl.com\/wp-content\/uploads\/2025\/10\/WhatsApp-Image-2025-08-24-a-18.04.28_1fdefe12-1.jpg 1920w, https:\/\/publixmediasarl.com\/wp-content\/uploads\/2025\/10\/WhatsApp-Image-2025-08-24-a-18.04.28_1fdefe12-1-225x300.jpg 225w, https:\/\/publixmediasarl.com\/wp-content\/uploads\/2025\/10\/WhatsApp-Image-2025-08-24-a-18.04.28_1fdefe12-1-768x1024.jpg 768w, https:\/\/publixmediasarl.com\/wp-content\/uploads\/2025\/10\/WhatsApp-Image-2025-08-24-a-18.04.28_1fdefe12-1-1152x1536.jpg 1152w, https:\/\/publixmediasarl.com\/wp-content\/uploads\/2025\/10\/WhatsApp-Image-2025-08-24-a-18.04.28_1fdefe12-1-1536x2048.jpg 1536w\" sizes=\"auto, (max-width: 1920px) 100vw, 1920px\" \/><\/figure>\n\n\n\n<figure class=\"wp-block-image size-full wp-container-content-f67f277b\"><img loading=\"lazy\" decoding=\"async\" width=\"1920\" height=\"2560\" src=\"https:\/\/publixmediasarl.com\/wp-content\/uploads\/2025\/10\/WhatsApp-Image-2025-08-24-a-18.07.33_51fbdf5c.jpg\" alt=\"\" class=\"wp-image-424\" srcset=\"https:\/\/publixmediasarl.com\/wp-content\/uploads\/2025\/10\/WhatsApp-Image-2025-08-24-a-18.07.33_51fbdf5c.jpg 1920w, https:\/\/publixmediasarl.com\/wp-content\/uploads\/2025\/10\/WhatsApp-Image-2025-08-24-a-18.07.33_51fbdf5c-225x300.jpg 225w, https:\/\/publixmediasarl.com\/wp-content\/uploads\/2025\/10\/WhatsApp-Image-2025-08-24-a-18.07.33_51fbdf5c-768x1024.jpg 768w, https:\/\/publixmediasarl.com\/wp-content\/uploads\/2025\/10\/WhatsApp-Image-2025-08-24-a-18.07.33_51fbdf5c-1152x1536.jpg 1152w, https:\/\/publixmediasarl.com\/wp-content\/uploads\/2025\/10\/WhatsApp-Image-2025-08-24-a-18.07.33_51fbdf5c-1536x2048.jpg 1536w\" sizes=\"auto, (max-width: 1920px) 100vw, 1920px\" \/><\/figure>\n\n\n\n<figure class=\"wp-block-image size-full\"><img loading=\"lazy\" decoding=\"async\" width=\"267\" height=\"355\" src=\"https:\/\/publixmediasarl.com\/wp-content\/uploads\/2025\/10\/Image5.jpg\" alt=\"\" class=\"wp-image-426\" srcset=\"https:\/\/publixmediasarl.com\/wp-content\/uploads\/2025\/10\/Image5.jpg 267w, https:\/\/publixmediasarl.com\/wp-content\/uploads\/2025\/10\/Image5-226x300.jpg 226w\" sizes=\"auto, (max-width: 267px) 100vw, 267px\" \/><\/figure>\n<\/div>\n","protected":false},"excerpt":{"rendered":"<p>PORTFOLIO Chez\u00a0PUBLIX MEDIA, notre mission est d\u2019aider les entreprises et les marques \u00e0 am\u00e9liorer leurs revenus gr\u00e2ce au Web. Nous voulons que les PME au Cameroun, en Afrique et d\u2019ailleurs&hellip;<\/p>\n","protected":false},"author":1,"featured_media":0,"parent":0,"menu_order":0,"comment_status":"closed","ping_status":"closed","template":"","meta":{"footnotes":""},"class_list":["post-226","page","type-page","status-publish","hentry"],"_links":{"self":[{"href":"https:\/\/publixmediasarl.com\/index.php\/wp-json\/wp\/v2\/pages\/226","targetHints":{"allow":["GET"]}}],"collection":[{"href":"https:\/\/publixmediasarl.com\/index.php\/wp-json\/wp\/v2\/pages"}],"about":[{"href":"https:\/\/publixmediasarl.com\/index.php\/wp-json\/wp\/v2\/types\/page"}],"author":[{"embeddable":true,"href":"https:\/\/publixmediasarl.com\/index.php\/wp-json\/wp\/v2\/users\/1"}],"replies":[{"embeddable":true,"href":"https:\/\/publixmediasarl.com\/index.php\/wp-json\/wp\/v2\/comments?post=226"}],"version-history":[{"count":24,"href":"https:\/\/publixmediasarl.com\/index.php\/wp-json\/wp\/v2\/pages\/226\/revisions"}],"predecessor-version":[{"id":430,"href":"https:\/\/publixmediasarl.com\/index.php\/wp-json\/wp\/v2\/pages\/226\/revisions\/430"}],"wp:attachment":[{"href":"https:\/\/publixmediasarl.com\/index.php\/wp-json\/wp\/v2\/media?parent=226"}],"curies":[{"name":"wp","href":"https:\/\/api.w.org\/{rel}","templated":true}]}}